{"id":62,"date":"2022-02-25T19:28:11","date_gmt":"2022-02-25T18:28:11","guid":{"rendered":"https:\/\/mikrobiologia.info.pl\/index.php\/home\/"},"modified":"2024-01-06T18:22:45","modified_gmt":"2024-01-06T17:22:45","slug":"home","status":"publish","type":"page","link":"https:\/\/mikrobiologia.info.pl\/","title":{"rendered":"home"},"content":{"rendered":"\n    \n    <section class=\"skrollable u-align-center u-clearfix u-image u-parallax u-section-2\" src=\"\" id=\"carousel_deab\" data-image-width=\"1280\" data-image-height=\"853\" style=\"background-image: url(&quot;https:\/\/mikrobiologia.info.pl\/wp-content\/uploads\/2022\/02\/b8d9d325fa481b1e7f589ca064b5db049abd80001976af0269d1da4a2a9701df89980e374f462ce3e3211ece35c61907a3415ec21b8e0a112ae749_12801-1.jpg&quot;);\">\n      <div class=\"u-clearfix u-sheet u-sheet-1\">\n        <div class=\"u-border-2 u-border-grey-dark-1 u-opacity u-opacity-65 u-shape u-shape-circle u-white u-shape-1\" data-animation-name=\"customAnimationIn\" data-animation-duration=\"2000\"><\/div>\n        <img decoding=\"async\" class=\"u-image u-image-default u-preserve-proportions u-image-1\" src=\"https:\/\/mikrobiologia.info.pl\/wp-content\/uploads\/2022\/02\/logo-1.png\" alt=\"\" data-image-width=\"146\" data-image-height=\"130\" data-animation-name=\"customAnimationIn\" data-animation-duration=\"2000\" data-animation-delay=\"1000\">\n        <h2 class=\"u-text u-text-palette-4-base u-text-1\">PODKARPACKIE CENTRUM<\/h2>\n        <h1 class=\"u-color-scheme-u10 u-color-style-multicolor-1 u-text u-text-palette-4-base u-title u-text-2\">MIKROORGANIZM\u00d3W<\/h1>\n        <p class=\"u-text u-text-palette-4-base u-text-3\"> Zapraszamy do zapoznania si\u0119&nbsp;z nasz\u0105 ofert\u0105 oraz dokonania zakup\u00f3w&nbsp;online.&nbsp;<\/p>\n      <\/div>\n    <\/section>\n    <section class=\"u-align-center u-clearfix u-palette-2-light-3 u-section-3\" id=\"carousel_029e\">\n      <div class=\"u-clearfix u-sheet u-valign-middle u-sheet-1\">\n        <h3 class=\"u-text u-text-default u-text-palette-4-base u-text-1\">O nas <\/h3>\n        <p class=\"u-align-justify u-text u-text-palette-4-base u-text-2\"> Zajmujemy si\u0119 od wielu lat sprzeda\u017c\u0105&nbsp;i dystrybucj\u0105 preparat\u00f3w \nzawieraj\u0105cych po\u017cyteczne mikroorganizmy dla domu, zdrowia cz\u0142owieka jak i\n rolnictwa. Pomagamy Klientom w obni\u017caniu koszt\u00f3w&nbsp;w prowadzonym \ngospodarstwie, a tak\u017ce dostarczamy preparat\u00f3w, kt\u00f3re poprawi\u0105 Wasze \nzdrowie. <br>\n          <br>Mie\u015bcimy si\u0119 w Jasionce k\/Rzeszowa&nbsp;w wojew\u00f3dztwie podkarpackim, \nnatomiast obszar naszej dzia\u0142alno\u015bci obejmuje tak\u017ce s\u0105siednie \nwojew\u00f3dztwa: lubelskie, ma\u0142opolskie&nbsp;i \u015bwi\u0119tokrzyskie. <br>\n          <br>Zapraszamy do wsp\u00f3\u0142pracy!&nbsp; \n        <\/p>\n        <a href=\"https:\/\/mikrobiologia.info.pl\/index.php\/home\/#carousel_2347\" class=\"u-active-palette-4-dark-1 u-border-none u-btn u-btn-round u-button-style u-hover-palette-4-dark-1 u-palette-4-base u-radius-50 u-btn-1\">wi\u0119cej<\/a>\n      <\/div>\n    <\/section>\n    <section class=\"u-clearfix u-section-4\" id=\"carousel_2347\">\n      <div class=\"u-clearfix u-sheet u-sheet-1\">\n        <div class=\"u-clearfix u-expanded-width u-layout-wrap u-layout-wrap-1\">\n          <div class=\"u-layout\">\n            <div class=\"u-layout-row\">\n              <div class=\"u-container-style u-layout-cell u-size-30 u-layout-cell-1\">\n                <div class=\"u-container-layout u-container-layout-1\">\n                  <h5 class=\"u-align-left u-text u-text-palette-4-base u-text-1\"> PRZE\u0141OM&nbsp;<br>W ROLNICTWIE&nbsp; \n                  <\/h5>\n                  <p class=\"u-align-justify u-text u-text-palette-4-base u-text-2\"> Mikrobiologia dla rolnictwa to nowe podej\u015bcie do uprawy ro\u015blin \nuwzgl\u0119dniaj\u0105ce procesy zachodz\u0105ce w glebie i ich wp\u0142yw na rozw\u00f3j ro\u015blin.\n Materia\u0142y mikrobiologiczne dla rolnictwa, kt\u00f3re pobudzaj\u0105 procesy \nzachodz\u0105ce w glebie, maj\u0105ce wp\u0142yw na produktywno\u015b\u0107 gleby i rozw\u00f3j \nro\u015blin. Produkty dost\u0119pne w naszej ofercie wzbogacaj\u0105 gleb\u0119 o elementy i\n zwi\u0105zki u\u017cy\u017aniaj\u0105ce, chroni\u0105c j\u0105 przed rozwojem r\u00f3\u017cnego rodzaju \nchor\u00f3b.<\/p>\n                  <img decoding=\"async\" class=\"u-expanded-width u-image u-image-default u-image-1\" src=\"https:\/\/mikrobiologia.info.pl\/wp-content\/uploads\/2022\/02\/8fc4592a9f0ea799d569f8da90c4f11c53aa0234f8de06df7efb527e929ced939953674cd52e15f83dac64f25b35d620984f3fe9b204a4b6d3cc71_1280-1.jpg\" alt=\"\" data-image-width=\"1280\" data-image-height=\"960\">\n                <\/div>\n              <\/div>\n              <div class=\"u-container-style u-layout-cell u-palette-2-light-3 u-shape-rectangle u-size-30 u-layout-cell-2\">\n                <div class=\"u-container-layout u-valign-middle u-container-layout-2\">\n                  <div class=\"u-opacity u-opacity-65 u-palette-1-base u-shape u-shape-circle u-shape-1\"><\/div>\n                  <h5 class=\"u-align-center u-text u-text-palette-4-base u-text-3\"> dla domu <\/h5>\n                  <p class=\"u-align-justify u-text u-text-palette-4-base u-text-4\"> Pranie i zmywanie, uzdatnianie wody do picia, zapobieganie przykrym zapachom, szamba i oczyszczalnie przydomowe... <\/p>\n                  <a href=\"https:\/\/mikrobiologia.info.pl\/index.php\/home\/#carousel_af0f\" class=\"u-active-palette-4-dark-1 u-border-none u-btn u-btn-round u-button-style u-hover-palette-4-dark-1 u-palette-4-base u-radius-50 u-btn-1\">wi\u0119cej<\/a>\n                <\/div>\n              <\/div>\n            <\/div>\n          <\/div>\n        <\/div>\n      <\/div>\n    <\/section>\n    <section class=\"u-align-center-lg u-align-center-md u-align-center-sm u-align-center-xl u-align-left-xs u-clearfix u-section-5\" id=\"carousel_af0f\">\n      <div class=\"u-clearfix u-sheet u-sheet-1\">\n        <div class=\"u-clearfix u-gutter-30 u-layout-wrap u-layout-wrap-1\">\n          <div class=\"u-gutter-0 u-layout\">\n            <div class=\"u-layout-row\">\n              <div class=\"u-size-32\">\n                <div class=\"u-layout-col\">\n                  <div class=\"u-align-left u-container-style u-image u-layout-cell u-left-cell u-shading u-size-28 u-image-1\" data-image-width=\"1280\" data-image-height=\"853\" style=\"background-image: linear-gradient(0deg, rgba(0, 0, 0, 0.1), rgba(0, 0, 0, 0.1)), url(&quot;https:\/\/mikrobiologia.info.pl\/wp-content\/uploads\/2022\/02\/cadc04420860294d11951c9084433566de1fdb3c07f6e0265457698e81cbd28bb777cad1f948fd5fe06bc8fa404ae5a4c939b94e383137fd1a64d7_1280-1.jpg&quot;);\">\n                    <div class=\"u-container-layout u-container-layout-1\"><\/div>\n                  <\/div>\n                  <div class=\"u-align-justify u-container-style u-layout-cell u-left-cell u-size-32 u-layout-cell-2\" src=\"\">\n                    <div class=\"u-container-layout u-container-layout-2\">\n                      <p class=\"u-text u-text-palette-4-base u-text-1\"> Probiotyki s\u0105 to \u017cywe mikroorganizmy, najcz\u0119\u015bciej szczepy bakterii, ale \nr\u00f3wnie\u017c dro\u017cd\u017ce, maj\u0105ce korzystny wp\u0142yw na funkcjonowanie organizmu \ncz\u0142owieka. Mikroorganizm, aby m\u00f3g\u0142 nosi\u0107 miano probiotyku, musi przej\u015b\u0107 \nszereg bada\u0144, maj\u0105cych na celu potwierdzenie jego bezpiecze\u0144stwa, \nodporno\u015bci na trudne warunki panuj\u0105ce w przewodzie pokarmowym oraz \nskutecznego oddzia\u0142ywania prozdrowotnego. Mikroorganizmy probiotyczne s\u0105\n nierozerwalnie zwi\u0105zane ze \u015brodowiskiem jelit oraz zasiedlaj\u0105c\u0105 je \nmikroflor\u0105. Jelita s\u0105 docelowym siedliskiem probiotyk\u00f3w, co daje tym \ndrobnoustrojom mo\u017cliwo\u015b\u0107 ingerowania w wiele proces\u00f3w zachodz\u0105cych w \norganizmie gospodarza.&nbsp; <\/p>\n                      <a href=\"https:\/\/mikrobiologia.info.pl\/index.php\/home\/#carousel_1931\" class=\"u-active-palette-4-dark-1 u-btn u-btn-round u-button-style u-hover-palette-4-dark-1 u-palette-4-base u-radius-50 u-btn-1\">wi\u0119cej<\/a>\n                    <\/div>\n                  <\/div>\n                <\/div>\n              <\/div>\n              <div class=\"u-size-28\">\n                <div class=\"u-layout-col\">\n                  <div class=\"u-align-left u-container-style u-image u-layout-cell u-right-cell u-size-60 u-image-2\" src=\"\" data-image-width=\"1280\" data-image-height=\"960\" style=\"background-image: url(&quot;https:\/\/mikrobiologia.info.pl\/wp-content\/uploads\/2022\/02\/cf7fb3af359f01af1f9dc20096afb7be7ea44cce6450c50729b75364614f1fb17c11dd2a756cbd48b48337ed824d76ab08b27e7f04df310b56643a_1280-1.jpg&quot;);\">\n                    <div class=\"u-container-layout u-container-layout-3\" src=\"\">\n                      <div class=\"u-container-style u-group u-palette-2-base u-group-1\">\n                        <div class=\"u-container-layout u-valign-middle u-container-layout-4\">\n                          <h2 class=\"u-text u-text-palette-4-base u-text-2\"> dla zdrowia cz\u0142owieka&nbsp;<\/h2>\n                        <\/div>\n                      <\/div>\n                    <\/div>\n                  <\/div>\n                <\/div>\n              <\/div>\n            <\/div>\n          <\/div>\n        <\/div>\n      <\/div>\n    <\/section>\n    <section class=\"u-clearfix u-section-6\" id=\"carousel_1931\">\n      <div class=\"u-clearfix u-expanded-width u-layout-wrap u-layout-wrap-1\">\n        <div class=\"u-layout\">\n          <div class=\"u-layout-row\">\n            <div class=\"u-align-left u-container-style u-image u-layout-cell u-left-cell u-size-42 u-image-1\" data-image-width=\"960\" data-image-height=\"1280\" style=\"background-image: url(&quot;https:\/\/mikrobiologia.info.pl\/wp-content\/uploads\/2022\/02\/900e6104b98e500d08d039c2ff0de7f192822f4039b69c653b49649bfb4db6b0cb5677ebf29ea2e598353ea0fdb85a65771e3926c15b1de662e77b_1280-1.jpg&quot;);\">\n              <div class=\"u-container-layout u-container-layout-1\">\n                <div class=\"u-container-style u-group u-palette-2-light-3 u-shape-rectangle u-group-1\">\n                  <div class=\"u-container-layout u-container-layout-2\">\n                    <h5 class=\"u-align-center u-text u-text-palette-4-base u-text-1\"> NISKIE KOSZTY<\/h5>\n                    <p class=\"u-align-justify u-text u-text-palette-4-base u-text-2\"> Je\u015bli chc\u0105 Pa\u0144stwo obni\u017cy\u0107 koszty prowadzenia dzia\u0142alno\u015bci rolniczej, \npolecamy produkty dost\u0119pne w naszej ofercie.&nbsp;Stosowanie mikrobiologii&nbsp;<br>w rolnictwie skutecznie eliminuje zjawisko \u201ezm\u0119czonej gleby\u201d, zwi\u0119kszaj\u0105c plony, a tym samym obni\u017caj\u0105c koszty upraw ro\u015blin.&nbsp; \n                    <\/p>\n                  <\/div>\n                <\/div>\n              <\/div>\n            <\/div>\n            <div class=\"u-container-style u-layout-cell u-right-cell u-shape-rectangle u-size-18 u-layout-cell-2\">\n              <div class=\"u-container-layout u-valign-middle-lg u-valign-middle-md u-valign-middle-xl u-valign-top-sm u-valign-top-xs u-container-layout-3\">\n                <img decoding=\"async\" class=\"u-expanded-width-lg u-expanded-width-md u-expanded-width-xl u-image u-image-default u-image-2\" src=\"https:\/\/mikrobiologia.info.pl\/wp-content\/uploads\/2022\/02\/09c3fd538657779bfe2c041a6f70beb498a84fb87f60c697468a295804ca1da38acff38ce9630ef2cc5a90a7089ce9583d691cce18410b787d1845_1280-1.jpg\" alt=\"\" data-image-width=\"1280\" data-image-height=\"853\">\n              <\/div>\n            <\/div>\n          <\/div>\n        <\/div>\n      <\/div>\n    <\/section>\n    <section class=\"u-clearfix u-section-7\" id=\"carousel_fbef\">\n      <div class=\"u-clearfix u-sheet u-valign-middle u-sheet-1\">\n        <div class=\"u-clearfix u-expanded-width u-gutter-30 u-layout-wrap u-layout-wrap-1\">\n          <div class=\"u-layout\">\n            <div class=\"u-layout-row\">\n              <div class=\"u-size-25-lg u-size-25-xl u-size-29-sm u-size-29-xs u-size-60-md\">\n                <div class=\"u-layout-col\">\n                  <div class=\"u-size-60\">\n                    <div class=\"u-layout-row\">\n                      <div class=\"u-align-center u-container-style u-layout-cell u-right-cell u-size-60 u-white u-layout-cell-1\">\n                        <div class=\"u-container-layout u-container-layout-1\">\n                          <img decoding=\"async\" class=\"u-expanded-width u-image u-image-default u-image-1\" src=\"https:\/\/mikrobiologia.info.pl\/wp-content\/uploads\/2022\/02\/615c707dd3c05f29db0a0058da00a8c4a8fa88ee1cd60e6074a1b4b36dd633e1b4d8f4c33e535721d2dab91bc659821531140c5cc31e76e8ca1a96_1280-1.jpg\" alt=\"\" data-image-width=\"1280\" data-image-height=\"961\">\n                          <h5 class=\"u-text u-text-default u-text-palette-4-base u-text-1\">materia\u0142y wideo<\/h5>\n                          <p class=\"u-text u-text-palette-4-base u-text-2\">Zapraszamy do lektury i dodawania komentarzy jak i zadwania pyta\u0144!<br>Na pewno nie zostan\u0105 bez odpowiedzi! \n                          <\/p>\n                          <a href=\"https:\/\/mikrobiologia.info.pl\/index.php\/video\/\" class=\"u-active-palette-4-dark-1 u-border-none u-btn u-btn-round u-button-style u-hover-white u-palette-4-base u-radius-50 u-btn-1\">obejrzyj<\/a>\n                        <\/div>\n                      <\/div>\n                    <\/div>\n                  <\/div>\n                <\/div>\n              <\/div>\n              <div class=\"u-size-31-sm u-size-31-xs u-size-35-lg u-size-35-xl u-size-60-md\">\n                <div class=\"u-layout-col\">\n                  <div class=\"u-size-40\">\n                    <div class=\"u-layout-row\">\n                      <div class=\"u-container-style u-layout-cell u-left-cell u-opacity u-opacity-35 u-palette-2-light-3 u-shape-rectangle u-size-60 u-layout-cell-2\">\n                        <div class=\"u-container-layout u-container-layout-2\">\n                          <h2 class=\"u-align-center u-text u-text-palette-4-base u-text-3\"> SZKOLENIA<\/h2>\n                          <p class=\"u-align-justify u-text u-text-palette-4-base u-text-4\"> Prowadzimy r\u00f3wnie\u017c kompleksowe szkolenia dla rolnik\u00f3w z metod stosowania\n mikrobiologi w rolnictwie, celem osi\u0105gni\u0119cia najlepszych rezultat\u00f3w. <\/p>\n                        <\/div>\n                      <\/div>\n                    <\/div>\n                  <\/div>\n                  <div class=\"u-size-20\">\n                    <div class=\"u-layout-row\">\n                      <div class=\"u-align-left u-container-style u-layout-cell u-size-30 u-layout-cell-3\" src=\"\">\n                        <div class=\"u-container-layout u-container-layout-3\">\n                          <h5 class=\"u-text u-text-palette-4-base u-text-5\">Blog<\/h5>\n                          <p class=\"u-text u-text-palette-4-base u-text-6\">Zapraszamy do lektury i dodawania komentarzy jak i zadwania pyta\u0144!<br>Na pewno nie zostan\u0105 bez odpowiedzi! \n                          <\/p>\n                          <a href=\"https:\/\/mikrobiologia.info.pl\/index.php\/blog\/\" class=\"u-active-palette-4-dark-1 u-border-none u-btn u-btn-round u-button-style u-hover-white u-palette-4-base u-radius-50 u-btn-2\">przeczytaj<\/a>\n                        <\/div>\n                      <\/div>\n                      <div class=\"u-align-left u-container-style u-image u-layout-cell u-left-cell u-size-30 u-image-2\" data-image-width=\"150\" data-image-height=\"99\" style=\"background-image: url(&quot;https:\/\/mikrobiologia.info.pl\/wp-content\/uploads\/2022\/02\/b35110b949c3a5a5817084e162b893d6f878f65c2820850a0245600410ca4f39f4cecf32a3b88fb733e83f72ea23c06c494548fa9c137387b3cf07_1280-1.jpg&quot;);\">\n                        <div class=\"u-container-layout u-container-layout-4\"><\/div>\n                      <\/div>\n                    <\/div>\n                  <\/div>\n                <\/div>\n              <\/div>\n            <\/div>\n          <\/div>\n        <\/div>\n      <\/div>\n    <\/section>\n    <section class=\"u-align-center u-clearfix u-image u-shading u-section-8\" src=\"\" data-image-width=\"150\" data-image-height=\"112\" id=\"carousel_d7d2\" style=\"background-image: linear-gradient(0deg, rgba(0, 0, 0, 0.5), rgba(0, 0, 0, 0.5)), url(&quot;https:\/\/mikrobiologia.info.pl\/wp-content\/uploads\/2022\/02\/e78383cbb76b245dfa162803c899cee153e8cf8458d888dbd3eb2970d67a3fe1e09117d55602c68cdf88a0dcd72a861d4af08f748f63af162f11e6_1280-1.jpg&quot;);\">\n      <div class=\"u-clearfix u-sheet u-sheet-1\">\n        <h2 class=\"u-text u-text-1\">Do pobrania<\/h2>\n        <div class=\"u-expanded-width-md u-expanded-width-sm u-expanded-width-xs u-list u-list-1\">\n          <div class=\"u-repeater u-repeater-1\">\n            <div class=\"u-align-center u-container-style u-list-item u-repeater-item\">\n              <div class=\"u-container-layout u-similar-container u-valign-top u-container-layout-1\">\n                <p class=\"u-custom-font u-font-montserrat u-text u-text-2\"> Naturalne Probiotyczne <br>Mikroorganizmy w chowie i <br>hodowli drobiu \n                <\/p>\n                <a href=\"https:\/\/mikrobiologia.info.pl\/dokumenty\/drob.pdf\" class=\"u-active-palette-4-dark-1 u-border-none u-btn u-btn-round u-button-style u-hover-white u-palette-4-base u-radius-50 u-btn-1\">pobierz<\/a>\n              <\/div>\n            <\/div>\n            <div class=\"u-align-center u-container-style u-list-item u-repeater-item\">\n              <div class=\"u-container-layout u-similar-container u-valign-top u-container-layout-2\">\n                <p class=\"u-custom-font u-font-montserrat u-text u-text-3\"> Naturalna \u017byzno\u015b\u0107 Gleby<br>\n                  <br>\n                  <br>\n                  <br>\n                <\/p>\n                <a href=\"https:\/\/mikrobiologia.info.pl\/dokumenty\/gleba.pdf\" class=\"u-active-palette-4-dark-1 u-border-none u-btn u-btn-round u-button-style u-hover-white u-palette-4-base u-radius-50 u-btn-2\">pobierz<\/a>\n              <\/div>\n            <\/div>\n            <div class=\"u-align-center u-container-style u-list-item u-repeater-item\">\n              <div class=\"u-container-layout u-similar-container u-valign-top u-container-layout-3\">\n                <p class=\"u-custom-font u-font-montserrat u-text u-text-4\"> Rzepak <br>i pszenica<br>\n                  <br>\n                  <br>\n                  <br>\n                <\/p>\n                <a href=\"https:\/\/mikrobiologia.info.pl\/dokumenty\/rzepak.pdf\" class=\"u-active-palette-4-dark-1 u-border-none u-btn u-btn-round u-button-style u-hover-white u-palette-4-base u-radius-50 u-btn-3\">pobierz<\/a>\n              <\/div>\n            <\/div>\n            <div class=\"u-align-center u-container-style u-list-item u-repeater-item\">\n              <div class=\"u-container-layout u-similar-container u-valign-top u-container-layout-4\">\n                <p class=\"u-custom-font u-font-montserrat u-text u-text-5\">Probiotyki w sadownictwie<br>\n                  <br>\n                  <br>\n                  <br>\n                <\/p>\n                <a href=\"https:\/\/mikrobiologia.info.pl\/dokumenty\/sad.pdf\" class=\"u-active-palette-4-dark-1 u-border-none u-btn u-btn-round u-button-style u-hover-white u-palette-4-base u-radius-50 u-btn-4\">pobierz<\/a>\n              <\/div>\n            <\/div>\n            <div class=\"u-align-center u-container-style u-list-item u-repeater-item\">\n              <div class=\"u-container-layout u-similar-container u-valign-top u-container-layout-5\">\n                <p class=\"u-custom-font u-font-montserrat u-text u-text-6\"> Mikroorganizmy \u2013 bior\u00f3\u017cnorodno\u015b\u0107 <br>a \u017cycie ro\u015blin, zwierz\u0105t i ludzi&nbsp;<br>\n                  <br>\n                <\/p>\n                <a href=\"https:\/\/mikrobiologia.info.pl\/dokumenty\/ziemia.pdf\" class=\"u-active-palette-4-dark-1 u-border-none u-btn u-btn-round u-button-style u-hover-white u-palette-4-base u-radius-50 u-btn-5\">pobierz<\/a>\n              <\/div>\n            <\/div>\n          <\/div>\n        <\/div>\n      <\/div>\n    <\/section>\n    <section class=\"u-clearfix u-section-9\" id=\"sec-be35\">\n      <div class=\"u-clearfix u-sheet u-sheet-1\">\n        <div class=\"data-layout-selected u-clearfix u-expanded-width u-gutter-30 u-layout-spacing-vertical u-layout-wrap u-layout-wrap-1\">\n          <div class=\"u-gutter-0 u-layout\">\n            <div class=\"u-layout-row\">\n              <div class=\"u-size-30\">\n                <div class=\"u-layout-col\">\n                  <div class=\"u-align-left u-container-style u-layout-cell u-left-cell u-size-30 u-white u-layout-cell-1\">\n                    <div class=\"u-container-layout u-container-layout-1\">\n                      <h2 class=\"u-text u-text-palette-4-base u-text-1\">Kontakt<\/h2>\n                      <p class=\"u-text u-text-palette-4-base u-text-2\"> +48 509 669 558<br>\n                        <br> 36-002 Jasionka 22<br>woj. podkarpackie, Polska <br>\n                        <br> kontakt@mikrobiologia.info.pl\n                      <\/p>\n                    <\/div>\n                  <\/div>\n                  <div class=\"u-container-style u-layout-cell u-left-cell u-size-30 u-white u-layout-cell-2\">\n                    <div class=\"u-container-layout u-valign-middle u-container-layout-2\">\n                      <h2 class=\"u-align-left u-text u-text-palette-4-base u-text-3\">O nas<\/h2>\n                      <p class=\"u-align-justify u-text u-text-palette-4-base u-text-4\"> Zajmujemy si\u0119 od wielu lat sprzeda\u017c\u0105 i dystrybucj\u0105 mikrobiologii dla \nrolnictwa. Pomagamy Klientom&nbsp;w obni\u017caniu koszt\u00f3w w rolnictwie, a tak\u017ce \n\u015bwiadczy us\u0142ugi z zakresu oczyszczania \u015bciek\u00f3w i gospodarki komunalnej.&nbsp;<br>\n                        <br>Mie\u015bcimy si\u0119 w Jasionce k\/Rzeszowa w wojew\u00f3dztwie podkarpackim, \nnatomiast obszar naszej dzia\u0142alno\u015bci obejmuje tak\u017ce wojew\u00f3dztwo \nlubelskie, ma\u0142opolskie <br>i \u015bwi\u0119tokrzyskie.&nbsp; \n                      <\/p>\n                    <\/div>\n                  <\/div>\n                <\/div>\n              <\/div>\n              <div class=\"u-size-30\">\n                <div class=\"u-layout-row\">\n                  <div class=\"u-align-left u-container-style u-layout-cell u-right-cell u-size-60 u-layout-cell-3\">\n                    <div class=\"u-container-layout u-container-layout-3\">\n                      <div class=\"u-align-left u-expanded u-grey-10 u-map\">\n                        <div class=\"embed-responsive\">\n                          <iframe class=\"embed-responsive-item\" src=\"\/\/maps.google.com\/maps?output=embed&amp;q=Podkarpackie%20Centrum%20Mikroorganizm%C3%B3w%2036-002%20Jasionka%2022&amp;z=10&amp;t=m\" data-map=\"JTdCJTIyYWRkcmVzcyUyMiUzQSUyMlBvZGthcnBhY2tpZSUyMENlbnRydW0lMjBNaWtyb29yZ2FuaXptJUMzJUIzdyUyMDM2LTAwMiUyMEphc2lvbmthJTIwMjIlMjIlMkMlMjJ6b29tJTIyJTNBMTAlMkMlMjJ0eXBlSWQlMjIlM0ElMjJyb2FkJTIyJTJDJTIybGFuZyUyMiUzQSUyMiUyMiU3RA==\"><\/iframe>\n                        <\/div>\n                      <\/div>\n                    <\/div>\n                  <\/div>\n                <\/div>\n              <\/div>\n            <\/div>\n          <\/div>\n        <\/div>\n      <\/div>\n    <\/section>\n    \n    \n    \n  \n","protected":false},"excerpt":{"rendered":"<p>PODKARPACKIE CENTRUM MIKROORGANIZM\u00d3W Zapraszamy do zapoznania si\u0119&nbsp;z nasz\u0105 ofert\u0105 oraz dokonania zakup\u00f3w&nbsp;online.&nbsp; O nas Zajmujemy si\u0119 od wielu lat sprzeda\u017c\u0105&nbsp;i dystrybucj\u0105 preparat\u00f3w zawieraj\u0105cych po\u017cyteczne mikroorganizmy dla domu, zdrowia cz\u0142owieka jak i rolnictwa. Pomagamy Klientom w obni\u017caniu koszt\u00f3w&nbsp;w prowadzonym gospodarstwie, a tak\u017ce dostarczamy preparat\u00f3w, kt\u00f3re poprawi\u0105 Wasze zdrowie. Mie\u015bcimy si\u0119 w Jasionce k\/Rzeszowa&nbsp;w wojew\u00f3dztwie podkarpackim, natomiast &hellip; <a href=\"https:\/\/mikrobiologia.info.pl\/\" class=\"more-link\">Continue reading<span class=\"screen-reader-text\"> &#8222;home&#8221;<\/span><\/a><\/p>\n","protected":false},"author":1,"featured_media":0,"parent":0,"menu_order":3,"comment_status":"closed","ping_status":"closed","template":"","meta":{"footnotes":""},"class_list":["post-62","page","type-page","status-publish","hentry"],"_links":{"self":[{"href":"https:\/\/mikrobiologia.info.pl\/index.php\/wp-json\/wp\/v2\/pages\/62","targetHints":{"allow":["GET"]}}],"collection":[{"href":"https:\/\/mikrobiologia.info.pl\/index.php\/wp-json\/wp\/v2\/pages"}],"about":[{"href":"https:\/\/mikrobiologia.info.pl\/index.php\/wp-json\/wp\/v2\/types\/page"}],"author":[{"embeddable":true,"href":"https:\/\/mikrobiologia.info.pl\/index.php\/wp-json\/wp\/v2\/users\/1"}],"replies":[{"embeddable":true,"href":"https:\/\/mikrobiologia.info.pl\/index.php\/wp-json\/wp\/v2\/comments?post=62"}],"version-history":[{"count":4,"href":"https:\/\/mikrobiologia.info.pl\/index.php\/wp-json\/wp\/v2\/pages\/62\/revisions"}],"predecessor-version":[{"id":138,"href":"https:\/\/mikrobiologia.info.pl\/index.php\/wp-json\/wp\/v2\/pages\/62\/revisions\/138"}],"wp:attachment":[{"href":"https:\/\/mikrobiologia.info.pl\/index.php\/wp-json\/wp\/v2\/media?parent=62"}],"curies":[{"name":"wp","href":"https:\/\/api.w.org\/{rel}","templated":true}]}}